{"id":2549,"date":"2025-12-08T15:48:15","date_gmt":"2025-12-08T20:48:15","guid":{"rendered":"https:\/\/www.comport-data.com\/?page_id=2549"},"modified":"2026-03-05T01:02:52","modified_gmt":"2026-03-05T06:02:52","slug":"cdi64600-convertisseur-16-bit-courant-numerique-64-canaux","status":"publish","type":"page","link":"https:\/\/www.comport-data.com\/fr\/produits-asic\/cdi64600-convertisseur-16-bit-courant-numerique-64-canaux\/","title":{"rendered":"CDI64600 &#8211; CONVERTISSEUR 16-BIT COURANT-NUM\u00c9RIQUE, 64-CANAUX"},"content":{"rendered":"<h2>CDI64600 - CONVERTISSEUR 16-BIT COURANT-NUM\u00c9RIQUE, 64-CANAUX<\/h2>\n<h5>Description<\/h5>\n<p>Le CDI64600 est un circuit int\u00e9gr\u00e9 \u00e0 64 canaux qui int\u00e8gre un amplificateur de charge et un convertisseur analogique-num\u00e9rique (CAN) 16-bits par canal. Sa conception a \u00e9t\u00e9 sp\u00e9cifiquement con\u00e7ue pour offrir une consommation d'\u00e9nergie minimale par canal, tout en prenant en charge les courants d'entr\u00e9e positifs et n\u00e9gatifs et en garantissant un faible niveau de bruit.<\/p>\n<p>Ce circuit int\u00e9gr\u00e9 est disponible en bo\u00eetier FP-BGA 9 x 9 mm, en puces KGD (Known Good Dies) ou en plaquettes de 8 pouces, offrant ainsi une grande flexibilit\u00e9 d'int\u00e9gration \u00e0 votre syst\u00e8me.<\/p>\n<h5>Caract\u00e9ristiques<\/h5>\n<ul>\n<li>Convertisseur analogique-num\u00e9rique 16 bits int\u00e9gr\u00e9 par canal, 64 canaux<\/li>\n<li>Amplificateur de charge avec la pleine \u00e9chelle allant de 1.75pC \u00e0 87.5pC<\/li>\n<li>Gain programmable s\u00e9par\u00e9ment pour 2 groupes de 32 canaux chacun<\/li>\n<li>\u00c9chantillonnage double corr\u00e9l\u00e9 \u00e0 faible bruit et faible d\u00e9rive du d\u00e9calage<\/li>\n<li>Gain programmable de 0.5pF a 25pF<\/li>\n<li>Consommation de moins de 1,5 mW par canal<\/li>\n<li>Interface LVDS pour le transfert et le s\u00e9quen\u00e7age des donn\u00e9es<\/li>\n<li>Interface I2C pour la configuration des p\u00e9riph\u00e9riques<\/li>\n<li>S\u00e9quencement et r\u00e9solution du convertisseur analogique-num\u00e9rique enti\u00e8rement configurables via une m\u00e9moire RAM de faible capacit\u00e9<\/li>\n<li>Un codage robuste des paquets avec CRC assure la s\u00e9curit\u00e9 de la lecture des donn\u00e9es, avec des informations de surveillance int\u00e9gr\u00e9es<\/li>\n<li>Accepte un courant d'entr\u00e9e positif ou n\u00e9gatif (s\u00e9lection par tensions de r\u00e9f\u00e9rence externes)<\/li>\n<li>Jusqu'\u00e0 32 appareils peuvent \u00eatre contr\u00f4l\u00e9s par l'h\u00f4te distant via une interface esclave I2C et des lignes de lecture de donn\u00e9es LVDS communes.<\/li>\n<li>Bo\u00eetier personnalis\u00e9 FP-BGA<\/li>\n<\/ul>\n<h5>Sch\u00e9ma fonctionnel<\/h5>\n<p><img loading=\"lazy\" decoding=\"async\" class=\"aligncenter size-full wp-image-2154\" src=\"https:\/\/www.comport-data.com\/wp-content\/uploads\/2025\/12\/CDI64600_functional_diagram.png\" alt=\"CDI64600_functional_diagram\" width=\"850\" height=\"529\" \/><\/p>\n<h5>Fiche technique<\/h5>\n<p><a href=\"https:\/\/www.comport-data.com\/wp-content\/uploads\/2025\/12\/CDI64600_datasheet.pdf\" target=\"_blank\" rel=\"noopener\">Fiche technique CDI64600 (PDF)<\/a><\/p>\n<h5>Contactez-nous<\/h5>\n<p>Pour de plus amples informations, y compris les prix, la configuration et la disponibilit\u00e9, s'il vous pla\u00eet <a href=\"https:\/\/www.comport-data.com\/fr\/contact-comport-data\/\">contactez-nous<\/a>.<\/p>\n","protected":false},"excerpt":{"rendered":"<p>CDI64600 - CONVERTISSEUR 16-BIT COURANT-NUM\u00c9RIQUE, 64-CANAUX Description Le CDI64600 est un circuit int\u00e9gr\u00e9 \u00e0 64 canaux qui int\u00e8gre un amplificateur de charge et un convertisseur analogique-num\u00e9rique (CAN) 16-bits par canal. Sa conception a \u00e9t\u00e9 sp\u00e9cifiquement con\u00e7ue pour offrir une consommation d'\u00e9nergie minimale par canal, tout en prenant en charge les courants d'entr\u00e9e positifs et n\u00e9gatifs et en garantissant un faible&nbsp;<a href=\"https:\/\/www.comport-data.com\/fr\/produits-asic\/cdi64600-convertisseur-16-bit-courant-numerique-64-canaux\/\" class=\"read-more\">Lire la suite<\/a><\/p>\n","protected":false},"author":1,"featured_media":0,"parent":2310,"menu_order":0,"comment_status":"closed","ping_status":"closed","template":"page-fullwidth.php","meta":{"footnotes":""},"class_list":["post-2549","page","type-page","status-publish","hentry"],"yoast_head":"<!-- This site is optimized with the Yoast SEO plugin v27.4 - https:\/\/yoast.com\/product\/yoast-seo-wordpress\/ -->\n<title>CDI64600 CAN 64 voies 16 bits | ASIC mixte multicanal<\/title>\n<meta name=\"description\" content=\"CDI64600 est un ASIC mixte 64 voies 16 bits courant\u2011num\u00e9rique con\u00e7u pour la lecture de d\u00e9tecteurs multicanaux en imagerie m\u00e9dicale, en contr\u00f4le non destructif et dans des applications de d\u00e9tection industrielle de haute pr\u00e9cision.\" \/>\n<meta name=\"robots\" content=\"index, follow, max-snippet:-1, max-image-preview:large, max-video-preview:-1\" \/>\n<link rel=\"canonical\" href=\"https:\/\/www.comport-data.com\/fr\/produits-asic\/cdi64600-convertisseur-16-bit-courant-numerique-64-canaux\/\" \/>\n<meta property=\"og:locale\" content=\"fr_FR\" \/>\n<meta property=\"og:type\" content=\"article\" \/>\n<meta property=\"og:title\" content=\"CDI64600 CAN 64 voies 16 bits | ASIC mixte multicanal\" \/>\n<meta property=\"og:description\" content=\"CDI64600 est un ASIC mixte 64 voies 16 bits courant\u2011num\u00e9rique con\u00e7u pour la lecture de d\u00e9tecteurs multicanaux en imagerie m\u00e9dicale, en contr\u00f4le non destructif et dans des applications de d\u00e9tection industrielle de haute pr\u00e9cision.\" \/>\n<meta property=\"og:url\" content=\"https:\/\/www.comport-data.com\/fr\/produits-asic\/cdi64600-convertisseur-16-bit-courant-numerique-64-canaux\/\" \/>\n<meta property=\"og:site_name\" content=\"Comport Data\" \/>\n<meta property=\"article:modified_time\" content=\"2026-03-05T06:02:52+00:00\" \/>\n<meta property=\"og:image\" content=\"https:\/\/www.comport-data.com\/wp-content\/uploads\/2016\/03\/asic-diagram-1.png\" \/>\n\t<meta property=\"og:image:width\" content=\"850\" \/>\n\t<meta property=\"og:image:height\" content=\"529\" \/>\n\t<meta property=\"og:image:type\" content=\"image\/png\" \/>\n<meta name=\"twitter:card\" content=\"summary_large_image\" \/>\n<meta name=\"twitter:label1\" content=\"Dur\u00e9e de lecture estim\u00e9e\" \/>\n\t<meta name=\"twitter:data1\" content=\"2 minutes\" \/>\n<!-- \/ Yoast SEO plugin. -->","yoast_head_json":{"title":"CDI64600 CAN 64 voies 16 bits | ASIC mixte multicanal","description":"CDI64600 est un ASIC mixte 64 voies 16 bits courant\u2011num\u00e9rique con\u00e7u pour la lecture de d\u00e9tecteurs multicanaux en imagerie m\u00e9dicale, en contr\u00f4le non destructif et dans des applications de d\u00e9tection industrielle de haute pr\u00e9cision.","robots":{"index":"index","follow":"follow","max-snippet":"max-snippet:-1","max-image-preview":"max-image-preview:large","max-video-preview":"max-video-preview:-1"},"canonical":"https:\/\/www.comport-data.com\/fr\/produits-asic\/cdi64600-convertisseur-16-bit-courant-numerique-64-canaux\/","og_locale":"fr_FR","og_type":"article","og_title":"CDI64600 CAN 64 voies 16 bits | ASIC mixte multicanal","og_description":"CDI64600 est un ASIC mixte 64 voies 16 bits courant\u2011num\u00e9rique con\u00e7u pour la lecture de d\u00e9tecteurs multicanaux en imagerie m\u00e9dicale, en contr\u00f4le non destructif et dans des applications de d\u00e9tection industrielle de haute pr\u00e9cision.","og_url":"https:\/\/www.comport-data.com\/fr\/produits-asic\/cdi64600-convertisseur-16-bit-courant-numerique-64-canaux\/","og_site_name":"Comport Data","article_modified_time":"2026-03-05T06:02:52+00:00","og_image":[{"width":850,"height":529,"url":"https:\/\/www.comport-data.com\/wp-content\/uploads\/2016\/03\/asic-diagram-1.png","type":"image\/png"}],"twitter_card":"summary_large_image","twitter_misc":{"Dur\u00e9e de lecture estim\u00e9e":"2 minutes"},"schema":{"@context":"https:\/\/schema.org","@graph":[{"@type":"WebPage","@id":"https:\/\/www.comport-data.com\/fr\/produits-asic\/cdi64600-convertisseur-16-bit-courant-numerique-64-canaux\/","url":"https:\/\/www.comport-data.com\/fr\/produits-asic\/cdi64600-convertisseur-16-bit-courant-numerique-64-canaux\/","name":"CDI64600 CAN 64 voies 16 bits | ASIC mixte multicanal","isPartOf":{"@id":"https:\/\/www.comport-data.com\/#website"},"primaryImageOfPage":{"@id":"https:\/\/www.comport-data.com\/fr\/produits-asic\/cdi64600-convertisseur-16-bit-courant-numerique-64-canaux\/#primaryimage"},"image":{"@id":"https:\/\/www.comport-data.com\/fr\/produits-asic\/cdi64600-convertisseur-16-bit-courant-numerique-64-canaux\/#primaryimage"},"thumbnailUrl":"https:\/\/www.comport-data.com\/wp-content\/uploads\/2025\/12\/CDI64600_functional_diagram.png","datePublished":"2025-12-08T20:48:15+00:00","dateModified":"2026-03-05T06:02:52+00:00","description":"CDI64600 est un ASIC mixte 64 voies 16 bits courant\u2011num\u00e9rique con\u00e7u pour la lecture de d\u00e9tecteurs multicanaux en imagerie m\u00e9dicale, en contr\u00f4le non destructif et dans des applications de d\u00e9tection industrielle de haute pr\u00e9cision.","breadcrumb":{"@id":"https:\/\/www.comport-data.com\/fr\/produits-asic\/cdi64600-convertisseur-16-bit-courant-numerique-64-canaux\/#breadcrumb"},"inLanguage":"fr-FR","potentialAction":[{"@type":"ReadAction","target":["https:\/\/www.comport-data.com\/fr\/produits-asic\/cdi64600-convertisseur-16-bit-courant-numerique-64-canaux\/"]}]},{"@type":"ImageObject","inLanguage":"fr-FR","@id":"https:\/\/www.comport-data.com\/fr\/produits-asic\/cdi64600-convertisseur-16-bit-courant-numerique-64-canaux\/#primaryimage","url":"https:\/\/www.comport-data.com\/wp-content\/uploads\/2025\/12\/CDI64600_functional_diagram.png","contentUrl":"https:\/\/www.comport-data.com\/wp-content\/uploads\/2025\/12\/CDI64600_functional_diagram.png"},{"@type":"BreadcrumbList","@id":"https:\/\/www.comport-data.com\/fr\/produits-asic\/cdi64600-convertisseur-16-bit-courant-numerique-64-canaux\/#breadcrumb","itemListElement":[{"@type":"ListItem","position":1,"name":"Home","item":"https:\/\/www.comport-data.com\/fr\/"},{"@type":"ListItem","position":2,"name":"Produits ASIC","item":"https:\/\/www.comport-data.com\/fr\/produits-asic\/"},{"@type":"ListItem","position":3,"name":"CDI64600 &#8211; CONVERTISSEUR 16-BIT COURANT-NUM\u00c9RIQUE, 64-CANAUX"}]},{"@type":"WebSite","@id":"https:\/\/www.comport-data.com\/#website","url":"https:\/\/www.comport-data.com\/","name":"Comport Data","description":"ASIC design services","potentialAction":[{"@type":"SearchAction","target":{"@type":"EntryPoint","urlTemplate":"https:\/\/www.comport-data.com\/?s={search_term_string}"},"query-input":{"@type":"PropertyValueSpecification","valueRequired":true,"valueName":"search_term_string"}}],"inLanguage":"fr-FR"}]}},"_links":{"self":[{"href":"https:\/\/www.comport-data.com\/fr\/wp-json\/wp\/v2\/pages\/2549","targetHints":{"allow":["GET"]}}],"collection":[{"href":"https:\/\/www.comport-data.com\/fr\/wp-json\/wp\/v2\/pages"}],"about":[{"href":"https:\/\/www.comport-data.com\/fr\/wp-json\/wp\/v2\/types\/page"}],"author":[{"embeddable":true,"href":"https:\/\/www.comport-data.com\/fr\/wp-json\/wp\/v2\/users\/1"}],"replies":[{"embeddable":true,"href":"https:\/\/www.comport-data.com\/fr\/wp-json\/wp\/v2\/comments?post=2549"}],"version-history":[{"count":2,"href":"https:\/\/www.comport-data.com\/fr\/wp-json\/wp\/v2\/pages\/2549\/revisions"}],"predecessor-version":[{"id":2554,"href":"https:\/\/www.comport-data.com\/fr\/wp-json\/wp\/v2\/pages\/2549\/revisions\/2554"}],"up":[{"embeddable":true,"href":"https:\/\/www.comport-data.com\/fr\/wp-json\/wp\/v2\/pages\/2310"}],"wp:attachment":[{"href":"https:\/\/www.comport-data.com\/fr\/wp-json\/wp\/v2\/media?parent=2549"}],"curies":[{"name":"wp","href":"https:\/\/api.w.org\/{rel}","templated":true}]}}