{"id":2528,"date":"2024-03-01T17:12:06","date_gmt":"2024-03-01T22:12:06","guid":{"rendered":"https:\/\/www.comport-data.com\/?page_id=2528"},"modified":"2026-03-05T01:01:37","modified_gmt":"2026-03-05T06:01:37","slug":"cdi64500-64-canaux-can-18-bit-courant-numerique","status":"publish","type":"page","link":"https:\/\/www.comport-data.com\/fr\/produits-asic\/cdi64500-64-canaux-can-18-bit-courant-numerique\/","title":{"rendered":"CDI64500 &#8211; 64-canaux, CAN 18-bit courant-num\u00e9rique"},"content":{"rendered":"<h2>CDI64500 - 64-CANAUX, CAN 18-BIT COURANT-NUM\u00c9RIQUE<\/h2>\n<h5>Description<\/h5>\n<p>Le CDI64500 est un amplificateur de charge \u00e0 \u00e9tage d'entr\u00e9e et conversion A\/N optimis\u00e9 pour offrir la plus faible consommation de puissance et cout par canal. Le CDI64500 est compos\u00e9 de 64 canaux. Chaque canal comprend un amplificateur de charge et un CAN 18-bit. Cette combinaison conduit \u00e0 une faible consommation \u00e9lectrique et faible bruit sur le dispositif.<\/p>\n<h5>Caract\u00e9ristiques<\/h5>\n<ul>\n<li>64-canaux, convertisseur courant-num\u00e9rique<\/li>\n<li>CAN 18bit int\u00e9gr\u00e9 par canal<\/li>\n<li>Amplificateur de charge avec la pleine \u00e9chelle allant de 1.75pC \u00e0 87.5pC<\/li>\n<li>Gain peut \u00eatre programm\u00e9 s\u00e9par\u00e9ment pour 2 groupes de 32 canaux chacun<\/li>\n<li>Double \u00e9chantillonnage corr\u00e9l\u00e9 \u00e0 faible bruit et faible d\u00e9rive du d\u00e9calage<\/li>\n<li>Gain programmable de 0.5pF a 25pF<\/li>\n<li>Fr\u00e9quence d'image maximale de 10 kHz<\/li>\n<li>Moins de 1.5mW par canal<\/li>\n<li>Interface LVDS pour transfert de donn\u00e9es et s\u00e9quen\u00e7age<\/li>\n<li>Interface I2C pour configuration du dispositif<\/li>\n<li>Accepte charge positive \u00e0 l'entr\u00e9e<\/li>\n<li>Jusqu'\u00e0 16 dispositifs peuvent \u00eatre programm\u00e9s et lus en partageant les m\u00eames lignes de donn\u00e9es<\/li>\n<li>Bo\u00eetier personnalis\u00e9 fpBGA<\/li>\n<\/ul>\n<h5>Sch\u00e9ma fonctionnel<\/h5>\n<p><img loading=\"lazy\" decoding=\"async\" class=\"aligncenter size-full wp-image-2154\" src=\"https:\/\/www.comport-data.com\/wp-content\/uploads\/2016\/03\/asic-diagram-1.png\" alt=\"asic-diagram-1\" width=\"850\" height=\"529\" srcset=\"https:\/\/www.comport-data.com\/wp-content\/uploads\/2016\/03\/asic-diagram-1.png 850w, https:\/\/www.comport-data.com\/wp-content\/uploads\/2016\/03\/asic-diagram-1-300x187.png 300w, https:\/\/www.comport-data.com\/wp-content\/uploads\/2016\/03\/asic-diagram-1-768x478.png 768w\" sizes=\"auto, (max-width: 850px) 100vw, 850px\" \/><\/p>\n<h5>Fiche technique<\/h5>\n<p><a href=\"https:\/\/www.comport-data.com\/wp-content\/uploads\/2016\/03\/CDI64500_datasheet.pdf\" target=\"_blank\" rel=\"noopener\">Fiche technique CDI64500 (PDF)<\/a><\/p>\n<h5>Contactez-nous<\/h5>\n<p>Pour de plus amples informations, y compris les prix, la configuration et la disponibilit\u00e9, s'il vous pla\u00eet <a href=\"https:\/\/www.comport-data.com\/fr\/contact-comport-data\/\">contactez-nous<\/a>.<\/p>\n","protected":false},"excerpt":{"rendered":"<p>CDI64500 - 64-CANAUX, CAN 18-BIT COURANT-NUM\u00c9RIQUE Description Le CDI64500 est un amplificateur de charge \u00e0 \u00e9tage d'entr\u00e9e et conversion A\/N optimis\u00e9 pour offrir la plus faible consommation de puissance et cout par canal. Le CDI64500 est compos\u00e9 de 64 canaux. Chaque canal comprend un amplificateur de charge et un CAN 18-bit. Cette combinaison conduit \u00e0 une faible consommation \u00e9lectrique et&nbsp;<a href=\"https:\/\/www.comport-data.com\/fr\/produits-asic\/cdi64500-64-canaux-can-18-bit-courant-numerique\/\" class=\"read-more\">Lire la suite<\/a><\/p>\n","protected":false},"author":1,"featured_media":0,"parent":2310,"menu_order":0,"comment_status":"closed","ping_status":"closed","template":"page-fullwidth.php","meta":{"footnotes":""},"class_list":["post-2528","page","type-page","status-publish","hentry"],"yoast_head":"<!-- This site is optimized with the Yoast SEO plugin v27.4 - https:\/\/yoast.com\/product\/yoast-seo-wordpress\/ -->\n<title>CDI64500 64 canaux 18 bits | ASIC courant\u2011num\u00e9rique pour d\u00e9tecteurs<\/title>\n<meta name=\"description\" content=\"L\u2019ASIC mixte CDI64500 offre une conversion courant\u2011num\u00e9rique 64 voies 18 bits pour les d\u00e9tecteurs \u00e0 rayons X et scanners CT haute r\u00e9solution, permettant une lecture faible bruit dans des syst\u00e8mes d\u2019imagerie et industriels exigeants.\" \/>\n<meta name=\"robots\" content=\"index, follow, max-snippet:-1, max-image-preview:large, max-video-preview:-1\" \/>\n<link rel=\"canonical\" href=\"https:\/\/www.comport-data.com\/fr\/produits-asic\/cdi64500-64-canaux-can-18-bit-courant-numerique\/\" \/>\n<meta property=\"og:locale\" content=\"fr_FR\" \/>\n<meta property=\"og:type\" content=\"article\" \/>\n<meta property=\"og:title\" content=\"CDI64500 64 canaux 18 bits | ASIC courant\u2011num\u00e9rique pour d\u00e9tecteurs\" \/>\n<meta property=\"og:description\" content=\"L\u2019ASIC mixte CDI64500 offre une conversion courant\u2011num\u00e9rique 64 voies 18 bits pour les d\u00e9tecteurs \u00e0 rayons X et scanners CT haute r\u00e9solution, permettant une lecture faible bruit dans des syst\u00e8mes d\u2019imagerie et industriels exigeants.\" \/>\n<meta property=\"og:url\" content=\"https:\/\/www.comport-data.com\/fr\/produits-asic\/cdi64500-64-canaux-can-18-bit-courant-numerique\/\" \/>\n<meta property=\"og:site_name\" content=\"Comport Data\" \/>\n<meta property=\"article:modified_time\" content=\"2026-03-05T06:01:37+00:00\" \/>\n<meta property=\"og:image\" content=\"https:\/\/www.comport-data.com\/wp-content\/uploads\/2016\/03\/asic-diagram-1.png\" \/>\n\t<meta property=\"og:image:width\" content=\"850\" \/>\n\t<meta property=\"og:image:height\" content=\"529\" \/>\n\t<meta property=\"og:image:type\" content=\"image\/png\" \/>\n<meta name=\"twitter:card\" content=\"summary_large_image\" \/>\n<meta name=\"twitter:label1\" content=\"Dur\u00e9e de lecture estim\u00e9e\" \/>\n\t<meta name=\"twitter:data1\" content=\"2 minutes\" \/>\n<!-- \/ Yoast SEO plugin. -->","yoast_head_json":{"title":"CDI64500 64 canaux 18 bits | ASIC courant\u2011num\u00e9rique pour d\u00e9tecteurs","description":"L\u2019ASIC mixte CDI64500 offre une conversion courant\u2011num\u00e9rique 64 voies 18 bits pour les d\u00e9tecteurs \u00e0 rayons X et scanners CT haute r\u00e9solution, permettant une lecture faible bruit dans des syst\u00e8mes d\u2019imagerie et industriels exigeants.","robots":{"index":"index","follow":"follow","max-snippet":"max-snippet:-1","max-image-preview":"max-image-preview:large","max-video-preview":"max-video-preview:-1"},"canonical":"https:\/\/www.comport-data.com\/fr\/produits-asic\/cdi64500-64-canaux-can-18-bit-courant-numerique\/","og_locale":"fr_FR","og_type":"article","og_title":"CDI64500 64 canaux 18 bits | ASIC courant\u2011num\u00e9rique pour d\u00e9tecteurs","og_description":"L\u2019ASIC mixte CDI64500 offre une conversion courant\u2011num\u00e9rique 64 voies 18 bits pour les d\u00e9tecteurs \u00e0 rayons X et scanners CT haute r\u00e9solution, permettant une lecture faible bruit dans des syst\u00e8mes d\u2019imagerie et industriels exigeants.","og_url":"https:\/\/www.comport-data.com\/fr\/produits-asic\/cdi64500-64-canaux-can-18-bit-courant-numerique\/","og_site_name":"Comport Data","article_modified_time":"2026-03-05T06:01:37+00:00","og_image":[{"width":850,"height":529,"url":"https:\/\/www.comport-data.com\/wp-content\/uploads\/2016\/03\/asic-diagram-1.png","type":"image\/png"}],"twitter_card":"summary_large_image","twitter_misc":{"Dur\u00e9e de lecture estim\u00e9e":"2 minutes"},"schema":{"@context":"https:\/\/schema.org","@graph":[{"@type":"WebPage","@id":"https:\/\/www.comport-data.com\/fr\/produits-asic\/cdi64500-64-canaux-can-18-bit-courant-numerique\/","url":"https:\/\/www.comport-data.com\/fr\/produits-asic\/cdi64500-64-canaux-can-18-bit-courant-numerique\/","name":"CDI64500 64 canaux 18 bits | ASIC courant\u2011num\u00e9rique pour d\u00e9tecteurs","isPartOf":{"@id":"https:\/\/www.comport-data.com\/#website"},"primaryImageOfPage":{"@id":"https:\/\/www.comport-data.com\/fr\/produits-asic\/cdi64500-64-canaux-can-18-bit-courant-numerique\/#primaryimage"},"image":{"@id":"https:\/\/www.comport-data.com\/fr\/produits-asic\/cdi64500-64-canaux-can-18-bit-courant-numerique\/#primaryimage"},"thumbnailUrl":"https:\/\/www.comport-data.com\/wp-content\/uploads\/2016\/03\/asic-diagram-1.png","datePublished":"2024-03-01T22:12:06+00:00","dateModified":"2026-03-05T06:01:37+00:00","description":"L\u2019ASIC mixte CDI64500 offre une conversion courant\u2011num\u00e9rique 64 voies 18 bits pour les d\u00e9tecteurs \u00e0 rayons X et scanners CT haute r\u00e9solution, permettant une lecture faible bruit dans des syst\u00e8mes d\u2019imagerie et industriels exigeants.","breadcrumb":{"@id":"https:\/\/www.comport-data.com\/fr\/produits-asic\/cdi64500-64-canaux-can-18-bit-courant-numerique\/#breadcrumb"},"inLanguage":"fr-FR","potentialAction":[{"@type":"ReadAction","target":["https:\/\/www.comport-data.com\/fr\/produits-asic\/cdi64500-64-canaux-can-18-bit-courant-numerique\/"]}]},{"@type":"ImageObject","inLanguage":"fr-FR","@id":"https:\/\/www.comport-data.com\/fr\/produits-asic\/cdi64500-64-canaux-can-18-bit-courant-numerique\/#primaryimage","url":"https:\/\/www.comport-data.com\/wp-content\/uploads\/2016\/03\/asic-diagram-1.png","contentUrl":"https:\/\/www.comport-data.com\/wp-content\/uploads\/2016\/03\/asic-diagram-1.png"},{"@type":"BreadcrumbList","@id":"https:\/\/www.comport-data.com\/fr\/produits-asic\/cdi64500-64-canaux-can-18-bit-courant-numerique\/#breadcrumb","itemListElement":[{"@type":"ListItem","position":1,"name":"Home","item":"https:\/\/www.comport-data.com\/fr\/"},{"@type":"ListItem","position":2,"name":"Produits ASIC","item":"https:\/\/www.comport-data.com\/fr\/produits-asic\/"},{"@type":"ListItem","position":3,"name":"CDI64500 &#8211; 64-canaux, CAN 18-bit courant-num\u00e9rique"}]},{"@type":"WebSite","@id":"https:\/\/www.comport-data.com\/#website","url":"https:\/\/www.comport-data.com\/","name":"Comport Data","description":"ASIC design services","potentialAction":[{"@type":"SearchAction","target":{"@type":"EntryPoint","urlTemplate":"https:\/\/www.comport-data.com\/?s={search_term_string}"},"query-input":{"@type":"PropertyValueSpecification","valueRequired":true,"valueName":"search_term_string"}}],"inLanguage":"fr-FR"}]}},"_links":{"self":[{"href":"https:\/\/www.comport-data.com\/fr\/wp-json\/wp\/v2\/pages\/2528","targetHints":{"allow":["GET"]}}],"collection":[{"href":"https:\/\/www.comport-data.com\/fr\/wp-json\/wp\/v2\/pages"}],"about":[{"href":"https:\/\/www.comport-data.com\/fr\/wp-json\/wp\/v2\/types\/page"}],"author":[{"embeddable":true,"href":"https:\/\/www.comport-data.com\/fr\/wp-json\/wp\/v2\/users\/1"}],"replies":[{"embeddable":true,"href":"https:\/\/www.comport-data.com\/fr\/wp-json\/wp\/v2\/comments?post=2528"}],"version-history":[{"count":4,"href":"https:\/\/www.comport-data.com\/fr\/wp-json\/wp\/v2\/pages\/2528\/revisions"}],"predecessor-version":[{"id":2535,"href":"https:\/\/www.comport-data.com\/fr\/wp-json\/wp\/v2\/pages\/2528\/revisions\/2535"}],"up":[{"embeddable":true,"href":"https:\/\/www.comport-data.com\/fr\/wp-json\/wp\/v2\/pages\/2310"}],"wp:attachment":[{"href":"https:\/\/www.comport-data.com\/fr\/wp-json\/wp\/v2\/media?parent=2528"}],"curies":[{"name":"wp","href":"https:\/\/api.w.org\/{rel}","templated":true}]}}