{"id":2521,"date":"2024-03-01T17:00:27","date_gmt":"2024-03-01T22:00:27","guid":{"rendered":"https:\/\/www.comport-data.com\/?page_id=2521"},"modified":"2026-03-05T01:01:10","modified_gmt":"2026-03-05T06:01:10","slug":"cdi12100-etage-d-entree-analogique-de-capteur-a-12-voies","status":"publish","type":"page","link":"https:\/\/www.comport-data.com\/fr\/produits-asic\/cdi12100-etage-d-entree-analogique-de-capteur-a-12-voies\/","title":{"rendered":"CDI12100 &#8211;  \u00c9tage d&#8217;entr\u00e9e analogique de capteur \u00e0 12 voies"},"content":{"rendered":"<h2>CDI12100 -  \u00c9TAGE D'ENTR\u00c9E ANALOGIQUE DE CAPTEUR \u00c0 12 VOIES<\/h2>\n<h5>Description<\/h5>\n<p>Le CDI12100 est compos\u00e9 de 12 canaux contenant chacun un amplificateur, un redresseur et un filtre.<\/p>\n<p>Le CDI12100 est disponible dans un QFN 48 broches 6x6 mm.<\/p>\n<h5>Caract\u00e9ristiques<\/h5>\n<ul>\n<li>12 canaux d'amplificateur, de redresseur et de filtre<\/li>\n<li>Signal de sortie porteur (CLK\/128) utilis\u00e9 pour piloter la source d'excitation<\/li>\n<li>D\u00e9tecteur de phase et redresseur int\u00e9gr\u00e9s<\/li>\n<li>Accepte le signal redress\u00e9 interne ou externe<\/li>\n<li>14 gains programmables (27dB -> 93dB)<\/li>\n<li>Bonne correspondance entre les filtres (<1 %)<\/li>\n<li>Fr\u00e9quence de filtre et bande passante r\u00e9glables \u00e0 l'aide d'une horloge externe (250 kHz - 4 MHz)<\/li>\n<li>Fonctionne avec une alimentation jusqu'\u00e0 +\/- 10 V<\/li>\n<li>Faible consommation (dissipation de puissance globale < 240 mW [20 mW\/canal])<\/li>\n<\/ul>\n<h5>Sch\u00e9ma fonctionnel<\/h5>\n<p><img loading=\"lazy\" decoding=\"async\" src=\"\/wp-content\/uploads\/2024\/03\/image001.png\" alt=\"asic-diagram-2\" width=\"619\" height=\"395\" class=\"aligncenter size-full wp-image-2504\" srcset=\"https:\/\/www.comport-data.com\/wp-content\/uploads\/2024\/03\/image001.png 619w, https:\/\/www.comport-data.com\/wp-content\/uploads\/2024\/03\/image001-300x191.png 300w\" sizes=\"auto, (max-width: 619px) 100vw, 619px\" \/><\/p>\n<h5>Fiche de donn\u00e9es<\/h5>\n<p><a href=\"\/wp-content\/uploads\/2024\/03\/CDI12100_Datasheet.pdf\" target=\"_blank\" rel=\"noopener\">Fiche technique CDI12100 (PDF)<\/a><\/p>\n<h5>Contactez-nous<\/h5>\n<p>Pour plus d\u2019informations, notamment sur les prix, la configuration et la disponibilit\u00e9, veuillez nous <a href=\"https:\/\/www.comport-data.com\/fr\/contact-comport-data\/\">contacter<\/a>.<\/p>\n","protected":false},"excerpt":{"rendered":"<p>CDI12100 - \u00c9TAGE D'ENTR\u00c9E ANALOGIQUE DE CAPTEUR \u00c0 12 VOIES Description Le CDI12100 est compos\u00e9 de 12 canaux contenant chacun un amplificateur, un redresseur et un filtre. Le CDI12100 est disponible dans un QFN 48 broches 6x6 mm. Caract\u00e9ristiques 12 canaux d'amplificateur, de redresseur et de filtre Signal de sortie porteur (CLK\/128) utilis\u00e9 pour piloter la source d'excitation D\u00e9tecteur de&nbsp;<a href=\"https:\/\/www.comport-data.com\/fr\/produits-asic\/cdi12100-etage-d-entree-analogique-de-capteur-a-12-voies\/\" class=\"read-more\">Lire la suite<\/a><\/p>\n","protected":false},"author":1,"featured_media":0,"parent":2310,"menu_order":1,"comment_status":"closed","ping_status":"closed","template":"page-fullwidth.php","meta":{"footnotes":""},"class_list":["post-2521","page","type-page","status-publish","hentry"],"yoast_head":"<!-- This site is optimized with the Yoast SEO plugin v27.4 - https:\/\/yoast.com\/product\/yoast-seo-wordpress\/ -->\n<title>CDI12100 AFE capteur 12 voies | ASIC \u00e9tage analogique faible bruit<\/title>\n<meta name=\"description\" content=\"CDI12100 est un ASIC \u00e9tage avant analogique de capteur \u00e0 12 voies de Comport Data, offrant amplification faible bruit et conditionnement de signal pour la lecture de d\u00e9tecteurs de pr\u00e9cision en imagerie m\u00e9dicale et pour les applications de capteurs industriels.\" \/>\n<meta name=\"robots\" content=\"index, follow, max-snippet:-1, max-image-preview:large, max-video-preview:-1\" \/>\n<link rel=\"canonical\" href=\"https:\/\/www.comport-data.com\/fr\/produits-asic\/cdi12100-etage-d-entree-analogique-de-capteur-a-12-voies\/\" \/>\n<meta property=\"og:locale\" content=\"fr_FR\" \/>\n<meta property=\"og:type\" content=\"article\" \/>\n<meta property=\"og:title\" content=\"CDI12100 AFE capteur 12 voies | ASIC \u00e9tage analogique faible bruit\" \/>\n<meta property=\"og:description\" content=\"CDI12100 est un ASIC \u00e9tage avant analogique de capteur \u00e0 12 voies de Comport Data, offrant amplification faible bruit et conditionnement de signal pour la lecture de d\u00e9tecteurs de pr\u00e9cision en imagerie m\u00e9dicale et pour les applications de capteurs industriels.\" \/>\n<meta property=\"og:url\" content=\"https:\/\/www.comport-data.com\/fr\/produits-asic\/cdi12100-etage-d-entree-analogique-de-capteur-a-12-voies\/\" \/>\n<meta property=\"og:site_name\" content=\"Comport Data\" \/>\n<meta property=\"article:modified_time\" content=\"2026-03-05T06:01:10+00:00\" \/>\n<meta name=\"twitter:card\" content=\"summary_large_image\" \/>\n<meta name=\"twitter:label1\" content=\"Dur\u00e9e de lecture estim\u00e9e\" \/>\n\t<meta name=\"twitter:data1\" content=\"1 minute\" \/>\n<!-- \/ Yoast SEO plugin. -->","yoast_head_json":{"title":"CDI12100 AFE capteur 12 voies | ASIC \u00e9tage analogique faible bruit","description":"CDI12100 est un ASIC \u00e9tage avant analogique de capteur \u00e0 12 voies de Comport Data, offrant amplification faible bruit et conditionnement de signal pour la lecture de d\u00e9tecteurs de pr\u00e9cision en imagerie m\u00e9dicale et pour les applications de capteurs industriels.","robots":{"index":"index","follow":"follow","max-snippet":"max-snippet:-1","max-image-preview":"max-image-preview:large","max-video-preview":"max-video-preview:-1"},"canonical":"https:\/\/www.comport-data.com\/fr\/produits-asic\/cdi12100-etage-d-entree-analogique-de-capteur-a-12-voies\/","og_locale":"fr_FR","og_type":"article","og_title":"CDI12100 AFE capteur 12 voies | ASIC \u00e9tage analogique faible bruit","og_description":"CDI12100 est un ASIC \u00e9tage avant analogique de capteur \u00e0 12 voies de Comport Data, offrant amplification faible bruit et conditionnement de signal pour la lecture de d\u00e9tecteurs de pr\u00e9cision en imagerie m\u00e9dicale et pour les applications de capteurs industriels.","og_url":"https:\/\/www.comport-data.com\/fr\/produits-asic\/cdi12100-etage-d-entree-analogique-de-capteur-a-12-voies\/","og_site_name":"Comport Data","article_modified_time":"2026-03-05T06:01:10+00:00","twitter_card":"summary_large_image","twitter_misc":{"Dur\u00e9e de lecture estim\u00e9e":"1 minute"},"schema":{"@context":"https:\/\/schema.org","@graph":[{"@type":"WebPage","@id":"https:\/\/www.comport-data.com\/fr\/produits-asic\/cdi12100-etage-d-entree-analogique-de-capteur-a-12-voies\/","url":"https:\/\/www.comport-data.com\/fr\/produits-asic\/cdi12100-etage-d-entree-analogique-de-capteur-a-12-voies\/","name":"CDI12100 AFE capteur 12 voies | ASIC \u00e9tage analogique faible bruit","isPartOf":{"@id":"https:\/\/www.comport-data.com\/#website"},"datePublished":"2024-03-01T22:00:27+00:00","dateModified":"2026-03-05T06:01:10+00:00","description":"CDI12100 est un ASIC \u00e9tage avant analogique de capteur \u00e0 12 voies de Comport Data, offrant amplification faible bruit et conditionnement de signal pour la lecture de d\u00e9tecteurs de pr\u00e9cision en imagerie m\u00e9dicale et pour les applications de capteurs industriels.","breadcrumb":{"@id":"https:\/\/www.comport-data.com\/fr\/produits-asic\/cdi12100-etage-d-entree-analogique-de-capteur-a-12-voies\/#breadcrumb"},"inLanguage":"fr-FR","potentialAction":[{"@type":"ReadAction","target":["https:\/\/www.comport-data.com\/fr\/produits-asic\/cdi12100-etage-d-entree-analogique-de-capteur-a-12-voies\/"]}]},{"@type":"BreadcrumbList","@id":"https:\/\/www.comport-data.com\/fr\/produits-asic\/cdi12100-etage-d-entree-analogique-de-capteur-a-12-voies\/#breadcrumb","itemListElement":[{"@type":"ListItem","position":1,"name":"Home","item":"https:\/\/www.comport-data.com\/fr\/"},{"@type":"ListItem","position":2,"name":"Produits ASIC","item":"https:\/\/www.comport-data.com\/fr\/produits-asic\/"},{"@type":"ListItem","position":3,"name":"CDI12100 &#8211; \u00c9tage d&#8217;entr\u00e9e analogique de capteur \u00e0 12 voies"}]},{"@type":"WebSite","@id":"https:\/\/www.comport-data.com\/#website","url":"https:\/\/www.comport-data.com\/","name":"Comport Data","description":"ASIC design services","potentialAction":[{"@type":"SearchAction","target":{"@type":"EntryPoint","urlTemplate":"https:\/\/www.comport-data.com\/?s={search_term_string}"},"query-input":{"@type":"PropertyValueSpecification","valueRequired":true,"valueName":"search_term_string"}}],"inLanguage":"fr-FR"}]}},"_links":{"self":[{"href":"https:\/\/www.comport-data.com\/fr\/wp-json\/wp\/v2\/pages\/2521","targetHints":{"allow":["GET"]}}],"collection":[{"href":"https:\/\/www.comport-data.com\/fr\/wp-json\/wp\/v2\/pages"}],"about":[{"href":"https:\/\/www.comport-data.com\/fr\/wp-json\/wp\/v2\/types\/page"}],"author":[{"embeddable":true,"href":"https:\/\/www.comport-data.com\/fr\/wp-json\/wp\/v2\/users\/1"}],"replies":[{"embeddable":true,"href":"https:\/\/www.comport-data.com\/fr\/wp-json\/wp\/v2\/comments?post=2521"}],"version-history":[{"count":7,"href":"https:\/\/www.comport-data.com\/fr\/wp-json\/wp\/v2\/pages\/2521\/revisions"}],"predecessor-version":[{"id":2536,"href":"https:\/\/www.comport-data.com\/fr\/wp-json\/wp\/v2\/pages\/2521\/revisions\/2536"}],"up":[{"embeddable":true,"href":"https:\/\/www.comport-data.com\/fr\/wp-json\/wp\/v2\/pages\/2310"}],"wp:attachment":[{"href":"https:\/\/www.comport-data.com\/fr\/wp-json\/wp\/v2\/media?parent=2521"}],"curies":[{"name":"wp","href":"https:\/\/api.w.org\/{rel}","templated":true}]}}