{"id":2317,"date":"2025-12-08T17:07:01","date_gmt":"2025-12-08T22:07:01","guid":{"rendered":"https:\/\/www.comport-data.com\/fr\/?page_id=2317"},"modified":"2026-03-05T00:55:58","modified_gmt":"2026-03-05T05:55:58","slug":"cdi64600-convertisseur-16-bit-courant-numerique-64-canaux","status":"publish","type":"page","link":"https:\/\/www.comport-data.com\/fr\/","title":{"rendered":"Accueil"},"content":{"rendered":"<section class=\"parallax-box image-parallax-box parallax-1\" ><div class=\"parallax-content\">\n<div class=\"row \">\n<div class=\"span8 \"><section class=\"lazy-load-box trigger effect-fade \" data-delay=\"200\" data-speed=\"800\" style=\"-webkit-transition: all 800ms ease; -moz-transition: all 800ms ease; -ms-transition: all 800ms ease; -o-transition: all 800ms ease; transition: all 800ms ease;\">\n<h2>\u00c0 propos de nous<\/h2>\n<h5>Comport Data, entreprise de conception en micro\u00e9lectronique dont la fabrication des produits est effectu\u00e9e \u00e0 l\u2019externe, offre les services suivants : conception d\u2019ASIC (analogique et mixte), topologie, encapsulation, contr\u00f4le de la qualit\u00e9.<\/h5>\n<p>Nous sommes sp\u00e9cialis\u00e9s dans la conception avanc\u00e9e de circuits int\u00e9gr\u00e9s mixtes, allant de syst\u00e8mes sur puce comprenant des microcontr\u00f4leurs int\u00e9gr\u00e9s avec des fonctions analogiques, \u00e0 des convertisseurs analogiques-num\u00e9riques et num\u00e9riques-analogiques \u00e0 faible bruit et \u00e0 multicanaux pour l\u2019acquisition, l\u2019amplification et la conversion de tr\u00e8s petits signaux.<\/p>\n<a href=\"\/fr\/a-propos\/\" title=\"Plus\" class=\"btn btn-default btn-normal btn-inline btn-1\" target=\"_self\">Plus<\/a><!-- .btn -->\n<\/section><\/div>\n<\/div><!-- .row (end) -->\n<div class=\"clear\"><\/div><\/div><div class=\"parallax-bg\" data-parallax-type=\"image\" data-img-url=\"\" data-speed=\"normal\" data-invert=\"false\" data-fullwidth=\"true\"><\/div><\/section>\n<div class=\"row \">\n<div class=\"spacer\"><\/div><!-- .spacer (end) --><div class=\"spacer\"><\/div><!-- .spacer (end) -->\n<div class=\"span4 \"><section class=\"lazy-load-box trigger effect-fade \" data-delay=\"200\" data-speed=\"800\" style=\"-webkit-transition: all 800ms ease; -moz-transition: all 800ms ease; -ms-transition: all 800ms ease; -o-transition: all 800ms ease; transition: all 800ms ease;\">\n<h2>Conception<br \/>\nASIC<\/h2>\n<h5><a href=\"https:\/\/www.comport-data.com\/fr\/conception-asic\/\">Nous concevons des circuits int\u00e9gr\u00e9s complexes mixtes, analogiques et num\u00e9riques<\/a><\/h5>\n<p>Comport data est un fournisseur ind\u00e9pendant ayant nou\u00e9 des liens solides avec des fonderies CMOS, BiCMOS et Bipolaire qui fabriquent les circuits ASIC analogiques et mixtes.<\/p>\n<a href=\"\/fr\/conception-asic\/\" title=\"Plus\" class=\"btn btn-default btn-normal btn-inline \" target=\"_self\">Plus<\/a><!-- .btn -->\n<\/section><\/div>\n<div class=\"span4 \"><section class=\"lazy-load-box trigger effect-fade \" data-delay=\"200\" data-speed=\"800\" style=\"-webkit-transition: all 800ms ease; -moz-transition: all 800ms ease; -ms-transition: all 800ms ease; -o-transition: all 800ms ease; transition: all 800ms ease;\">\n<h2>Tests<br \/>\nASIC<\/h2>\n<h5><a href=\"https:\/\/www.comport-data.com\/fr\/tests-asic\/\">Nous offrons des services de tests pour des lots de toute taille pour chaque projet ASIC<\/a><\/h5>\n<p>La v\u00e9rification de gaufre et de bo\u00eetier est faite en utilisant des machines de test et des robots manipulateurs. Nous pouvons aussi migrer ou d\u00e9velopper de nouveaux programmes de test.<\/p>\n<a href=\"\/fr\/tests-asic\/\" title=\"Plus\" class=\"btn btn-default btn-normal btn-inline \" target=\"_self\">Plus<\/a><!-- .btn -->\n<\/section><\/div>\n<div class=\"span4 \"><section class=\"lazy-load-box trigger effect-fade \" data-delay=\"200\" data-speed=\"800\" style=\"-webkit-transition: all 800ms ease; -moz-transition: all 800ms ease; -ms-transition: all 800ms ease; -o-transition: all 800ms ease; transition: all 800ms ease;\">\n<h2>Produits<br \/>\nASIC<\/h2>\n<h5><a href=\"https:\/\/www.comport-data.com\/fr\/produits-asic\/\">Nous d\u00e9veloppons des produits ASIC \u00e0 signaux mixtes pour diff\u00e9rentes applications<\/a><\/h5>\n<p>Notre expertise en circuit de lecture \u00e0 multicanaux nous a permis de concevoir et de produire plusieurs produits ASIC sp\u00e9cifiquement pour les appareils de d\u00e9tection \u00e0 rayons X et des syst\u00e8mes de tomodensitogramme.<\/p>\n<a href=\"\/fr\/produits-asic\/\" title=\"Plus\" class=\"btn btn-default btn-normal btn-inline \" target=\"_self\">Plus<\/a><!-- .btn -->\n<\/section><\/div>\n<\/div><!-- .row (end) -->\n<section class=\"parallax-box image-parallax-box parallax-3\" ><div class=\"parallax-content\">\n<div class=\"row \">\n<div class=\"span6 \"><section class=\"lazy-load-box trigger effect-fade \" data-delay=\"200\" data-speed=\"800\" style=\"-webkit-transition: all 800ms ease; -moz-transition: all 800ms ease; -ms-transition: all 800ms ease; -o-transition: all 800ms ease; transition: all 800ms ease;\">\n<div class=\"list unstyled\">\n<ul>\n<li><a href=\"https:\/\/www.comport-data.com\/fr\/asic-portfolio\/\"><figure class=\"alignleft aligntextleft \"><i class=\" icon-dropbox \" style=\"color:#ffffff; font-size:67px; line-height:1.2em;\"><\/i><\/figure><\/a><br \/>\n<h4><a href=\"https:\/\/www.comport-data.com\/fr\/asic-portfolio\/\">Consultez notre portfolio<\/a><\/h4>\n<\/li>\n<li><a href=\"https:\/\/www.comport-data.com\/fr\/asic-portfolio\/\"><figure class=\"alignleft aligntextleft \"><i class=\"icon-truck \" style=\"color:#ffffff; font-size:67px; line-height:1.2em;\"><\/i><\/figure><\/a><br \/>\n<h4><a href=\"https:\/\/www.comport-data.com\/fr\/asic-portfolio\/\">Expertise et comp\u00e9tence<\/a><\/h4>\n<\/li>\n<li><a href=\"https:\/\/www.comport-data.com\/fr\/asic-portfolio\/\"><figure class=\"alignleft aligntextleft \"><i class=\" icon-comments-alt \" style=\"color:#ffffff; font-size:67px; line-height:1.2em;\"><\/i><\/figure><\/a><br \/>\n<h4><a href=\"https:\/\/www.comport-data.com\/fr\/asic-portfolio\/\">Exp\u00e9rience des projets complexes<\/a><\/h4>\n<\/li>\n<\/ul>\n<\/div>\n<\/section><\/div>\n<\/div><!-- .row (end) -->\n<div class=\"clear\"><\/div><\/div><div class=\"parallax-bg\" data-parallax-type=\"image\" data-img-url=\"\" data-speed=\"normal\" data-invert=\"false\" data-fullwidth=\"true\"><\/div><\/section>\n<div class=\"content_box box-2 \">\n<div class=\"row \">\n<div class=\"span8 \"><div class=\"google-map-api map-1\"><div id=\"map-canvas-440380576\" class=\"gmap\"><\/div><\/div><script type=\"text\/javascript\">\n\t\t\t\tgoogle_api_map_init_440380576();\n\t\t\t\tfunction google_api_map_init_440380576(){\n\t\t\t\t\tvar map;\n\t\t\t\t\tvar coordData = new google.maps.LatLng(parseFloat(45.49798), parseFloat(-73.676117));\n\t\t\t\t\tvar marker;\n\n\t\t\t\t\tvar styleArray = [\n    {\n        \"featureType\": \"landscape\",\n        \"stylers\": [\n            {\n                \"saturation\": -100\n            },\n            {\n                \"lightness\": 65\n            },\n            {\n                \"visibility\": \"on\"\n            }\n        ]\n    },\n    {\n        \"featureType\": \"poi\",\n        \"stylers\": [\n            {\n                \"saturation\": -100\n            },\n            {\n                \"lightness\": 51\n            },\n            {\n                \"visibility\": \"simplified\"\n            }\n        ]\n    },\n    {\n        \"featureType\": \"road.highway\",\n        \"stylers\": [\n            {\n                \"saturation\": -100\n            },\n            {\n                \"visibility\": \"simplified\"\n            }\n        ]\n    },\n    {\n        \"featureType\": \"road.arterial\",\n        \"stylers\": [\n            {\n                \"saturation\": -100\n            },\n            {\n                \"lightness\": 30\n            },\n            {\n                \"visibility\": \"on\"\n            }\n        ]\n    },\n    {\n        \"featureType\": \"road.local\",\n        \"stylers\": [\n            {\n                \"saturation\": -100\n            },\n            {\n                \"lightness\": 40\n            },\n            {\n                \"visibility\": \"on\"\n            }\n        ]\n    },\n    {\n        \"featureType\": \"transit\",\n        \"stylers\": [\n            {\n                \"saturation\": -100\n            },\n            {\n                \"visibility\": \"simplified\"\n            }\n        ]\n    },\n    {\n        \"featureType\": \"administrative.province\",\n        \"stylers\": [\n            {\n                \"visibility\": \"off\"\n            }\n        ]\n    },\n    {\n        \"featureType\": \"water\",\n        \"elementType\": \"labels\",\n        \"stylers\": [\n            {\n                \"visibility\": \"on\"\n            },\n            {\n                \"lightness\": -25\n            },\n            {\n                \"saturation\": -100\n            }\n        ]\n    },\n    {\n        \"featureType\": \"water\",\n        \"elementType\": \"geometry\",\n        \"stylers\": [\n            {\n                \"hue\": \"#ffff00\"\n            },\n            {\n                \"lightness\": -25\n            },\n            {\n                \"saturation\": -97\n            }\n        ]\n    }\n]\n\n\t\t\t\t\tfunction initialize() {\n\t\t\t\t\t\tvar mapOptions = {\n\t\t\t\t\t\t\tzoom: 10,\n\t\t\t\t\t\t\tcenter: coordData,\n\t\t\t\t\t\t\tscrollwheel: false,\n                \t\t\tstyles: styleArray \n\t\t\t\t\t\t}\n\t\t\t\t\t\tvar map = new google.maps.Map(document.getElementById(\"map-canvas-440380576\"), mapOptions);\n\n\t\t\t\t\t\tvar markerIcon = { \n\t\t\t                url: \"https:\/\/www.comport-data.com\/wp-content\/themes\/theme53388\/images\/gmap_marker.png\", \n\t\t\t                size: new google.maps.Size(72, 74), \n\t\t\t                origin: new google.maps.Point(0,0), \n\t\t\t                anchor: new google.maps.Point(30, 74) \n\t\t\t            }; \n\n\t\t\t\t\t\tmarker = new google.maps.Marker({\n\t\t\t\t\t\t\tmap:map,\n\t\t\t\t\t\t\tdraggable:false,\n\t\t\t\t\t\t\tposition: coordData,\n\t\t\t\t\t\t\ticon: markerIcon\n\t\t\t\t\t\t});\n\t\t\t\t\t}\n\t\t\t\t\tgoogle.maps.event.addDomListener(window, \"load\", initialize);\n\t\t\t\t}\n\t\t\t\t\n\t\t<\/script><\/div>\n<div class=\"span4 \"><section class=\"lazy-load-box trigger effect-fade \" data-delay=\"200\" data-speed=\"800\" style=\"-webkit-transition: all 800ms ease; -moz-transition: all 800ms ease; -ms-transition: all 800ms ease; -o-transition: all 800ms ease; transition: all 800ms ease;\">\n<h2>Contact<\/h2>\n<p>200-150 Authier<br \/>\nMontr\u00e9al, Qu\u00e9bec\u00a0\u00a0H4M 2C6<br \/>\nCanada<\/p>\n<p>T\u00e9l\u00e9phone: +1 514 340-1550<\/p>\n<p>Courriel : <a href=\"mailto:info@comport-data.com\" class=\"redback\" target=\"_blank\">info@comport-data.com<\/a><br \/>\n<\/section><\/div>\n<\/div><!-- .row (end) -->\n<div class=\"clear\"><\/div><\/div><!-- .content_box (end) -->\n","protected":false},"excerpt":{"rendered":"","protected":false},"author":1,"featured_media":0,"parent":0,"menu_order":0,"comment_status":"open","ping_status":"closed","template":"page-home.php","meta":{"footnotes":""},"class_list":["post-2317","page","type-page","status-publish","hentry"],"yoast_head":"<!-- This site is optimized with the Yoast SEO plugin v25.9 - https:\/\/yoast.com\/wordpress\/plugins\/seo\/ -->\n<title>Entreprise de conception ASIC | Conception CI mixtes &amp; services de tests<\/title>\n<meta name=\"description\" content=\"Entreprise fabless de conception ASIC offrant des services cl\u00e9 en main de conception de circuits int\u00e9gr\u00e9s analogiques et mixtes, de fabrication et de tests ASIC pour l\u2019imagerie m\u00e9dicale, la d\u00e9tection industrielle et les applications de traitement pr\u00e9cis du signal.\" \/>\n<meta name=\"robots\" content=\"index, follow, max-snippet:-1, max-image-preview:large, max-video-preview:-1\" \/>\n<link rel=\"canonical\" href=\"https:\/\/www.comport-data.com\/fr\/\" \/>\n<meta property=\"og:locale\" content=\"fr_FR\" \/>\n<meta property=\"og:type\" content=\"article\" \/>\n<meta property=\"og:title\" content=\"Entreprise de conception ASIC | Conception CI mixtes &amp; services de tests\" \/>\n<meta property=\"og:description\" content=\"Entreprise fabless de conception ASIC offrant des services cl\u00e9 en main de conception de circuits int\u00e9gr\u00e9s analogiques et mixtes, de fabrication et de tests ASIC pour l\u2019imagerie m\u00e9dicale, la d\u00e9tection industrielle et les applications de traitement pr\u00e9cis du signal.\" \/>\n<meta property=\"og:url\" content=\"https:\/\/www.comport-data.com\/fr\/\" \/>\n<meta property=\"og:site_name\" content=\"Comport Data\" \/>\n<meta property=\"article:modified_time\" content=\"2026-03-05T05:55:58+00:00\" \/>\n<meta name=\"twitter:card\" content=\"summary_large_image\" \/>\n<meta name=\"twitter:label1\" content=\"Dur\u00e9e de lecture estim\u00e9e\" \/>\n\t<meta name=\"twitter:data1\" content=\"2 minutes\" \/>\n<!-- \/ Yoast SEO plugin. -->","yoast_head_json":{"title":"Entreprise de conception ASIC | Conception CI mixtes & services de tests","description":"Entreprise fabless de conception ASIC offrant des services cl\u00e9 en main de conception de circuits int\u00e9gr\u00e9s analogiques et mixtes, de fabrication et de tests ASIC pour l\u2019imagerie m\u00e9dicale, la d\u00e9tection industrielle et les applications de traitement pr\u00e9cis du signal.","robots":{"index":"index","follow":"follow","max-snippet":"max-snippet:-1","max-image-preview":"max-image-preview:large","max-video-preview":"max-video-preview:-1"},"canonical":"https:\/\/www.comport-data.com\/fr\/","og_locale":"fr_FR","og_type":"article","og_title":"Entreprise de conception ASIC | Conception CI mixtes & services de tests","og_description":"Entreprise fabless de conception ASIC offrant des services cl\u00e9 en main de conception de circuits int\u00e9gr\u00e9s analogiques et mixtes, de fabrication et de tests ASIC pour l\u2019imagerie m\u00e9dicale, la d\u00e9tection industrielle et les applications de traitement pr\u00e9cis du signal.","og_url":"https:\/\/www.comport-data.com\/fr\/","og_site_name":"Comport Data","article_modified_time":"2026-03-05T05:55:58+00:00","twitter_card":"summary_large_image","twitter_misc":{"Dur\u00e9e de lecture estim\u00e9e":"2 minutes"},"schema":{"@context":"https:\/\/schema.org","@graph":[{"@type":"WebPage","@id":"https:\/\/www.comport-data.com\/fr\/","url":"https:\/\/www.comport-data.com\/fr\/","name":"Entreprise de conception ASIC | Conception CI mixtes & services de tests","isPartOf":{"@id":"https:\/\/www.comport-data.com\/#website"},"datePublished":"2025-12-08T22:07:01+00:00","dateModified":"2026-03-05T05:55:58+00:00","description":"Entreprise fabless de conception ASIC offrant des services cl\u00e9 en main de conception de circuits int\u00e9gr\u00e9s analogiques et mixtes, de fabrication et de tests ASIC pour l\u2019imagerie m\u00e9dicale, la d\u00e9tection industrielle et les applications de traitement pr\u00e9cis du signal.","breadcrumb":{"@id":"https:\/\/www.comport-data.com\/fr\/#breadcrumb"},"inLanguage":"fr-FR","potentialAction":[{"@type":"ReadAction","target":["https:\/\/www.comport-data.com\/fr\/"]}]},{"@type":"BreadcrumbList","@id":"https:\/\/www.comport-data.com\/fr\/#breadcrumb","itemListElement":[{"@type":"ListItem","position":1,"name":"Home","item":"https:\/\/www.comport-data.com\/fr\/"},{"@type":"ListItem","position":2,"name":"Accueil"}]},{"@type":"WebSite","@id":"https:\/\/www.comport-data.com\/#website","url":"https:\/\/www.comport-data.com\/","name":"Comport Data","description":"ASIC design services","potentialAction":[{"@type":"SearchAction","target":{"@type":"EntryPoint","urlTemplate":"https:\/\/www.comport-data.com\/?s={search_term_string}"},"query-input":{"@type":"PropertyValueSpecification","valueRequired":true,"valueName":"search_term_string"}}],"inLanguage":"fr-FR"}]}},"_links":{"self":[{"href":"https:\/\/www.comport-data.com\/fr\/wp-json\/wp\/v2\/pages\/2317","targetHints":{"allow":["GET"]}}],"collection":[{"href":"https:\/\/www.comport-data.com\/fr\/wp-json\/wp\/v2\/pages"}],"about":[{"href":"https:\/\/www.comport-data.com\/fr\/wp-json\/wp\/v2\/types\/page"}],"author":[{"embeddable":true,"href":"https:\/\/www.comport-data.com\/fr\/wp-json\/wp\/v2\/users\/1"}],"replies":[{"embeddable":true,"href":"https:\/\/www.comport-data.com\/fr\/wp-json\/wp\/v2\/comments?post=2317"}],"version-history":[{"count":18,"href":"https:\/\/www.comport-data.com\/fr\/wp-json\/wp\/v2\/pages\/2317\/revisions"}],"predecessor-version":[{"id":2553,"href":"https:\/\/www.comport-data.com\/fr\/wp-json\/wp\/v2\/pages\/2317\/revisions\/2553"}],"wp:attachment":[{"href":"https:\/\/www.comport-data.com\/fr\/wp-json\/wp\/v2\/media?parent=2317"}],"curies":[{"name":"wp","href":"https:\/\/api.w.org\/{rel}","templated":true}]}}