{"id":2298,"date":"2016-04-27T11:42:26","date_gmt":"2016-04-27T15:42:26","guid":{"rendered":"https:\/\/www.comport-data.com\/fr\/?page_id=2298"},"modified":"2026-03-05T00:59:20","modified_gmt":"2026-03-05T05:59:20","slug":"conception-asic","status":"publish","type":"page","link":"https:\/\/www.comport-data.com\/fr\/conception-asic\/","title":{"rendered":"Conception ASIC"},"content":{"rendered":"<h2>Conception ASIC<\/h2>\n<p>Du concept au produit, Comport Data con\u00e7oit des circuits int\u00e9gr\u00e9s complexes mixtes, analogiques et num\u00e9riques.<\/p>\n<p><img loading=\"lazy\" decoding=\"async\" class=\"alignright size-full wp-image-2117\" src=\"https:\/\/www.comport-data.com\/wp-content\/uploads\/2016\/03\/asic-design-21.jpg\" alt=\"asic-design-21\" width=\"353\" height=\"353\" srcset=\"https:\/\/www.comport-data.com\/wp-content\/uploads\/2016\/03\/asic-design-21.jpg 353w, https:\/\/www.comport-data.com\/wp-content\/uploads\/2016\/03\/asic-design-21-150x150.jpg 150w, https:\/\/www.comport-data.com\/wp-content\/uploads\/2016\/03\/asic-design-21-300x300.jpg 300w\" sizes=\"auto, (max-width: 353px) 100vw, 353px\" \/><\/p>\n<h5>Technologie<\/h5>\n<ul>\n<li>CMOS (signaux mixtes, analogiques, num\u00e9riques)<\/li>\n<li>BiCMOS<\/li>\n<li>Bipolaire<\/li>\n<\/ul>\n<h5>Liens avec les fonderies de silicium<\/h5>\n<ul>\n<li>V\u00e9rification des r\u00e8gles de dessin<\/li>\n<li>Extraction des composants parasites<\/li>\n<li>V\u00e9rification de la conformit\u00e9 des r\u00e8gles d\u2019interconnexion<\/li>\n<li>Logiciel de v\u00e9rification de sch\u00e9ma<\/li>\n<\/ul>\n<h5>Fonderies<\/h5>\n<p>Comport data est un fournisseur ind\u00e9pendant ayant nou\u00e9 des liens solides avec des fonderies CMOS, BiCMOS et Bipolaire qui fabriquent les circuits ASIC analogiques et mixtes.<\/p>\n<p>XFAB, TSMC et AMS sont parmi les fonderies auxquelles Comport Data a fait appel r\u00e9cemment.<\/p>\n<h5>Circuits int\u00e9gr\u00e9s con\u00e7us par nos ing\u00e9nieurs jusqu\u2019\u00e0 maintenant :<\/h5>\n<p><img loading=\"lazy\" decoding=\"async\" class=\"alignright size-full wp-image-2120\" src=\"https:\/\/www.comport-data.com\/wp-content\/uploads\/2016\/03\/asic-design-22.jpg\" alt=\"asic-design-22\" width=\"353\" height=\"353\" srcset=\"https:\/\/www.comport-data.com\/wp-content\/uploads\/2016\/03\/asic-design-22.jpg 353w, https:\/\/www.comport-data.com\/wp-content\/uploads\/2016\/03\/asic-design-22-150x150.jpg 150w, https:\/\/www.comport-data.com\/wp-content\/uploads\/2016\/03\/asic-design-22-300x300.jpg 300w\" sizes=\"auto, (max-width: 353px) 100vw, 353px\" \/><\/p>\n<ul>\n<li>Convertisseurs A\/N et N\/A : modulation delta-sigma, Flash, structure pipeline, SAR, int\u00e9gration \u00e0 simple et double rampe<\/li>\n<li>Filtres \u00e0 capacit\u00e9s commut\u00e9es<\/li>\n<li>Amplificateurs op\u00e9rationnels<\/li>\n<li>Comparateurs<\/li>\n<li>D\u00e9tecteurs de cr\u00eate<\/li>\n<li>Redresseurs<\/li>\n<li>Circuit de r\u00e9f\u00e9rence<\/li>\n<li>Oscillateurs \u00e0 quartz et \u00e0 RC<\/li>\n<li>Circuits d\u2019extraction du signal d\u2019horloge<\/li>\n<li>Boucle \u00e0 asservissement de phase<\/li>\n<li>Boucle \u00e0 retard de phase<\/li>\n<li>Oscillateurs contr\u00f4l\u00e9s par tension<\/li>\n<li>Comparateurs de phase<\/li>\n<li>Amplificateurs \u00e0 faible bruit<\/li>\n<li>\u00c9metteur-r\u00e9cepteur \u00e0 fibres optiques<\/li>\n<li>M\u00e9moires : FLASH, ROM, SRAM, RAM \u00e0 double acc\u00e8s, FIFO, fusibles<\/li>\n<li>Interfaces : USB, I2C, SPI, LVDS, UART - RS-232, RS-485, ARINC<\/li>\n<li>\u00a0Conception pour la testabilit\u00e9 : insertion de cha\u00eene de test, g\u00e9n\u00e9rateur algorithmique de s\u00e9quences de test<\/li>\n<\/ul>\n<p>&nbsp;<\/p>\n<h5>Domaines d\u2019application<\/h5>\n<p><img loading=\"lazy\" decoding=\"async\" class=\"alignright size-full wp-image-2125\" src=\"https:\/\/www.comport-data.com\/wp-content\/uploads\/2016\/03\/asic-design-23.jpg\" alt=\"asic-design-23\" width=\"353\" height=\"353\" srcset=\"https:\/\/www.comport-data.com\/wp-content\/uploads\/2016\/03\/asic-design-23.jpg 353w, https:\/\/www.comport-data.com\/wp-content\/uploads\/2016\/03\/asic-design-23-150x150.jpg 150w, https:\/\/www.comport-data.com\/wp-content\/uploads\/2016\/03\/asic-design-23-300x300.jpg 300w\" sizes=\"auto, (max-width: 353px) 100vw, 353px\" \/><\/p>\n<ul>\n<li>Mesure, d\u00e9tection et traitement de signaux<\/li>\n<li>Applications m\u00e9dicales<\/li>\n<li>T\u00e9l\u00e9communication et t\u00e9l\u00e9phonie<\/li>\n<li>Communication par fibres optiques<\/li>\n<li>Contr\u00f4le de moteur, de bobine de relais<\/li>\n<li>Conception de circuit \u00e0 basse tension\/basse puissance<\/li>\n<li>Conception de circuit \u00e0 haute tension<\/li>\n<li>Conception de circuit \u00e0 haute fr\u00e9quence<\/li>\n<li>Conception de circuit \u00e0 puissance intelligent<\/li>\n<\/ul>\n","protected":false},"excerpt":{"rendered":"<p>Conception ASIC Du concept au produit, Comport Data con\u00e7oit des circuits int\u00e9gr\u00e9s complexes mixtes, analogiques et num\u00e9riques. Technologie CMOS (signaux mixtes, analogiques, num\u00e9riques) BiCMOS Bipolaire Liens avec les fonderies de silicium V\u00e9rification des r\u00e8gles de dessin Extraction des composants parasites V\u00e9rification de la conformit\u00e9 des r\u00e8gles d\u2019interconnexion Logiciel de v\u00e9rification de sch\u00e9ma Fonderies Comport data est un fournisseur ind\u00e9pendant ayant&nbsp;<a href=\"https:\/\/www.comport-data.com\/fr\/conception-asic\/\" class=\"read-more\">Lire la suite<\/a><\/p>\n","protected":false},"author":1,"featured_media":0,"parent":0,"menu_order":1,"comment_status":"closed","ping_status":"closed","template":"page-fullwidth.php","meta":{"footnotes":""},"class_list":["post-2298","page","type-page","status-publish","hentry"],"yoast_head":"<!-- This site is optimized with the Yoast SEO plugin v27.4 - https:\/\/yoast.com\/product\/yoast-seo-wordpress\/ -->\n<title>Services de conception ASIC | Solutions CI analogiques &amp; mixtes sur mesure<\/title>\n<meta name=\"description\" content=\"Comport Data offre des services cl\u00e9 en main de conception ASIC couvrant l\u2019architecture de CI analogiques et mixtes, la conception de puces haute tension et basse consommation, le layout et le soutien \u00e0 la fabrication fabless pour des projets avanc\u00e9s de semi\u2011conducteurs.\" \/>\n<meta name=\"robots\" content=\"index, follow, max-snippet:-1, max-image-preview:large, max-video-preview:-1\" \/>\n<link rel=\"canonical\" href=\"https:\/\/www.comport-data.com\/fr\/conception-asic\/\" \/>\n<meta property=\"og:locale\" content=\"fr_FR\" \/>\n<meta property=\"og:type\" content=\"article\" \/>\n<meta property=\"og:title\" content=\"Services de conception ASIC | Solutions CI analogiques &amp; mixtes sur mesure\" \/>\n<meta property=\"og:description\" content=\"Comport Data offre des services cl\u00e9 en main de conception ASIC couvrant l\u2019architecture de CI analogiques et mixtes, la conception de puces haute tension et basse consommation, le layout et le soutien \u00e0 la fabrication fabless pour des projets avanc\u00e9s de semi\u2011conducteurs.\" \/>\n<meta property=\"og:url\" content=\"https:\/\/www.comport-data.com\/fr\/conception-asic\/\" \/>\n<meta property=\"og:site_name\" content=\"Comport Data\" \/>\n<meta property=\"article:modified_time\" content=\"2026-03-05T05:59:20+00:00\" \/>\n<meta property=\"og:image\" content=\"https:\/\/www.comport-data.com\/wp-content\/uploads\/2016\/03\/asic-design-21.jpg\" \/>\n\t<meta property=\"og:image:width\" content=\"353\" \/>\n\t<meta property=\"og:image:height\" content=\"353\" \/>\n\t<meta property=\"og:image:type\" content=\"image\/jpeg\" \/>\n<meta name=\"twitter:card\" content=\"summary_large_image\" \/>\n<meta name=\"twitter:label1\" content=\"Dur\u00e9e de lecture estim\u00e9e\" \/>\n\t<meta name=\"twitter:data1\" content=\"2 minutes\" \/>\n<!-- \/ Yoast SEO plugin. -->","yoast_head_json":{"title":"Services de conception ASIC | Solutions CI analogiques & mixtes sur mesure","description":"Comport Data offre des services cl\u00e9 en main de conception ASIC couvrant l\u2019architecture de CI analogiques et mixtes, la conception de puces haute tension et basse consommation, le layout et le soutien \u00e0 la fabrication fabless pour des projets avanc\u00e9s de semi\u2011conducteurs.","robots":{"index":"index","follow":"follow","max-snippet":"max-snippet:-1","max-image-preview":"max-image-preview:large","max-video-preview":"max-video-preview:-1"},"canonical":"https:\/\/www.comport-data.com\/fr\/conception-asic\/","og_locale":"fr_FR","og_type":"article","og_title":"Services de conception ASIC | Solutions CI analogiques & mixtes sur mesure","og_description":"Comport Data offre des services cl\u00e9 en main de conception ASIC couvrant l\u2019architecture de CI analogiques et mixtes, la conception de puces haute tension et basse consommation, le layout et le soutien \u00e0 la fabrication fabless pour des projets avanc\u00e9s de semi\u2011conducteurs.","og_url":"https:\/\/www.comport-data.com\/fr\/conception-asic\/","og_site_name":"Comport Data","article_modified_time":"2026-03-05T05:59:20+00:00","og_image":[{"width":353,"height":353,"url":"https:\/\/www.comport-data.com\/wp-content\/uploads\/2016\/03\/asic-design-21.jpg","type":"image\/jpeg"}],"twitter_card":"summary_large_image","twitter_misc":{"Dur\u00e9e de lecture estim\u00e9e":"2 minutes"},"schema":{"@context":"https:\/\/schema.org","@graph":[{"@type":"WebPage","@id":"https:\/\/www.comport-data.com\/fr\/conception-asic\/","url":"https:\/\/www.comport-data.com\/fr\/conception-asic\/","name":"Services de conception ASIC | Solutions CI analogiques & mixtes sur mesure","isPartOf":{"@id":"https:\/\/www.comport-data.com\/#website"},"primaryImageOfPage":{"@id":"https:\/\/www.comport-data.com\/fr\/conception-asic\/#primaryimage"},"image":{"@id":"https:\/\/www.comport-data.com\/fr\/conception-asic\/#primaryimage"},"thumbnailUrl":"https:\/\/www.comport-data.com\/wp-content\/uploads\/2016\/03\/asic-design-21.jpg","datePublished":"2016-04-27T15:42:26+00:00","dateModified":"2026-03-05T05:59:20+00:00","description":"Comport Data offre des services cl\u00e9 en main de conception ASIC couvrant l\u2019architecture de CI analogiques et mixtes, la conception de puces haute tension et basse consommation, le layout et le soutien \u00e0 la fabrication fabless pour des projets avanc\u00e9s de semi\u2011conducteurs.","breadcrumb":{"@id":"https:\/\/www.comport-data.com\/fr\/conception-asic\/#breadcrumb"},"inLanguage":"fr-FR","potentialAction":[{"@type":"ReadAction","target":["https:\/\/www.comport-data.com\/fr\/conception-asic\/"]}]},{"@type":"ImageObject","inLanguage":"fr-FR","@id":"https:\/\/www.comport-data.com\/fr\/conception-asic\/#primaryimage","url":"https:\/\/www.comport-data.com\/wp-content\/uploads\/2016\/03\/asic-design-21.jpg","contentUrl":"https:\/\/www.comport-data.com\/wp-content\/uploads\/2016\/03\/asic-design-21.jpg"},{"@type":"BreadcrumbList","@id":"https:\/\/www.comport-data.com\/fr\/conception-asic\/#breadcrumb","itemListElement":[{"@type":"ListItem","position":1,"name":"Home","item":"https:\/\/www.comport-data.com\/fr\/"},{"@type":"ListItem","position":2,"name":"Conception ASIC"}]},{"@type":"WebSite","@id":"https:\/\/www.comport-data.com\/#website","url":"https:\/\/www.comport-data.com\/","name":"Comport Data","description":"ASIC design services","potentialAction":[{"@type":"SearchAction","target":{"@type":"EntryPoint","urlTemplate":"https:\/\/www.comport-data.com\/?s={search_term_string}"},"query-input":{"@type":"PropertyValueSpecification","valueRequired":true,"valueName":"search_term_string"}}],"inLanguage":"fr-FR"}]}},"_links":{"self":[{"href":"https:\/\/www.comport-data.com\/fr\/wp-json\/wp\/v2\/pages\/2298","targetHints":{"allow":["GET"]}}],"collection":[{"href":"https:\/\/www.comport-data.com\/fr\/wp-json\/wp\/v2\/pages"}],"about":[{"href":"https:\/\/www.comport-data.com\/fr\/wp-json\/wp\/v2\/types\/page"}],"author":[{"embeddable":true,"href":"https:\/\/www.comport-data.com\/fr\/wp-json\/wp\/v2\/users\/1"}],"replies":[{"embeddable":true,"href":"https:\/\/www.comport-data.com\/fr\/wp-json\/wp\/v2\/comments?post=2298"}],"version-history":[{"count":6,"href":"https:\/\/www.comport-data.com\/fr\/wp-json\/wp\/v2\/pages\/2298\/revisions"}],"predecessor-version":[{"id":2304,"href":"https:\/\/www.comport-data.com\/fr\/wp-json\/wp\/v2\/pages\/2298\/revisions\/2304"}],"wp:attachment":[{"href":"https:\/\/www.comport-data.com\/fr\/wp-json\/wp\/v2\/media?parent=2298"}],"curies":[{"name":"wp","href":"https:\/\/api.w.org\/{rel}","templated":true}]}}