{"id":2287,"date":"2016-04-27T11:14:55","date_gmt":"2016-04-27T15:14:55","guid":{"rendered":"https:\/\/www.comport-data.com\/fr\/?page_id=2287"},"modified":"2026-03-05T01:00:01","modified_gmt":"2026-03-05T06:00:01","slug":"contact-comport-data","status":"publish","type":"page","link":"https:\/\/www.comport-data.com\/fr\/contact-comport-data\/","title":{"rendered":"Contact"},"content":{"rendered":"<div class=\"row \">\n<div class=\"span12 \"><div class=\"google-map-api google-map-custom-class\"><div id=\"map-canvas-1186740651\" class=\"gmap\"><\/div><\/div><script type=\"text\/javascript\">\n\t\t\t\tgoogle_api_map_init_1186740651();\n\t\t\t\tfunction google_api_map_init_1186740651(){\n\t\t\t\t\tvar map;\n\t\t\t\t\tvar coordData = new google.maps.LatLng(parseFloat(45.49798), parseFloat(-73.676117));\n\t\t\t\t\tvar marker;\n\t\t\t\t\tvar isDraggable = jQuery(document).width() > 768 ? true : false;\n\n\t\t\t\t\tfunction initialize() {\n\t\t\t\t\t\tvar mapOptions = {\n\t\t\t\t\t\t\tzoom: 14,\n\t\t\t\t\t\t\tcenter: coordData,\n\t\t\t\t\t\t\tdraggable: isDraggable,\n\t\t\t\t\t\t\tscrollwheel: false\n\t\t\t\t\t\t}\n\t\t\t\t\t\tvar map = new google.maps.Map(document.getElementById(\"map-canvas-1186740651\"), mapOptions);\n\t\t\t\t\t\tmarker = new google.maps.Marker({\n\t\t\t\t\t\t\tmap: map,\n\t\t\t\t\t\t\tdraggable: false,\n\t\t\t\t\t\t\tposition: coordData\n\t\t\t\t\t\t});\n\t\t\t\t\t}\n\t\t\t\t\tgoogle.maps.event.addDomListener(window, \"load\", initialize);\n\t\t\t\t}\n\n\t\t<\/script>\n<div class=\"spacer\"><\/div><!-- .spacer (end) --><\/div>\n<div class=\"span4 \"><h2>Coordonn\u00e9es<\/h2>\n<address>\n<strong>Comport Data Inc.<\/strong><br \/>\n200-150 Authier<br \/>\nMontr\u00e9al, Qu\u00e9bec\u00a0\u00a0H4M 2C6<br \/>\nCanada<\/p>\n<p><strong>T\u00e9l\u00e9phone : +1 514 340-1550<\/strong><br \/>\nT\u00e9l\u00e9copieur : +1 514 340-1126<\/p>\n<p>Courriel : <a href=\"mailto:info@comport-data.com\">info@comport-data.com<\/a><br \/>\n<\/address><!-- address (end) --><\/div>\n<div class=\"span8 \"><h2>Formulaire de contact<\/h2>\n\n<div class=\"wpcf7 no-js\" id=\"wpcf7-f2291-o1\" lang=\"en-US\" dir=\"ltr\" data-wpcf7-id=\"2291\">\n<div class=\"screen-reader-response\"><p role=\"status\" aria-live=\"polite\" aria-atomic=\"true\"><\/p> <ul><\/ul><\/div>\n<form action=\"\/fr\/wp-json\/wp\/v2\/pages\/2287#wpcf7-f2291-o1\" method=\"post\" class=\"wpcf7-form init\" aria-label=\"Contact form\" novalidate=\"novalidate\" data-status=\"init\">\n<fieldset class=\"hidden-fields-container\"><input type=\"hidden\" name=\"_wpcf7\" value=\"2291\" \/><input type=\"hidden\" name=\"_wpcf7_version\" value=\"6.1.1\" \/><input type=\"hidden\" name=\"_wpcf7_locale\" value=\"en_US\" \/><input type=\"hidden\" name=\"_wpcf7_unit_tag\" value=\"wpcf7-f2291-o1\" \/><input type=\"hidden\" name=\"_wpcf7_container_post\" value=\"0\" \/><input type=\"hidden\" name=\"_wpcf7_posted_data_hash\" value=\"\" \/>\n<\/fieldset>\n<div class=\"row-fluid\">\n\t<p class=\"span4 field\"><span class=\"wpcf7-form-control-wrap\" data-name=\"your-name\"><input size=\"40\" maxlength=\"400\" class=\"wpcf7-form-control wpcf7-text wpcf7-validates-as-required\" aria-required=\"true\" aria-invalid=\"false\" placeholder=\"Nom :\" value=\"\" type=\"text\" name=\"your-name\" \/><\/span>\n\t<\/p>\n\t<p class=\"span4 field\"><span class=\"wpcf7-form-control-wrap\" data-name=\"your-email\"><input size=\"40\" maxlength=\"400\" class=\"wpcf7-form-control wpcf7-email wpcf7-validates-as-required wpcf7-text wpcf7-validates-as-email\" aria-required=\"true\" aria-invalid=\"false\" placeholder=\"Courriel :\" value=\"\" type=\"email\" name=\"your-email\" \/><\/span>\n\t<\/p>\n\t<p class=\"span4 field\"><span class=\"wpcf7-form-control-wrap\" data-name=\"your-phone\"><input size=\"40\" maxlength=\"400\" class=\"wpcf7-form-control wpcf7-text\" aria-invalid=\"false\" placeholder=\"T\u00e9l\u00e9phone :\" value=\"\" type=\"text\" name=\"your-phone\" \/><\/span>\n\t<\/p>\n<\/div>\n<p class=\"field\"><span class=\"wpcf7-form-control-wrap\" data-name=\"your-message\"><textarea cols=\"40\" rows=\"10\" maxlength=\"2000\" class=\"wpcf7-form-control wpcf7-textarea\" aria-invalid=\"false\" placeholder=\"Message :\" name=\"your-message\"><\/textarea><\/span>\n<\/p>\n<p class=\"submit-wrap\"><input class=\"wpcf7-form-control wpcf7-submit has-spinner btn btn-primary\" type=\"submit\" value=\"envoyer\" \/>\n<\/p><div class=\"wpcf7-response-output\" aria-hidden=\"true\"><\/div>\n<\/form>\n<\/div>\n<\/div>\n<\/div><!-- .row (end) -->\n","protected":false},"excerpt":{"rendered":"","protected":false},"author":1,"featured_media":0,"parent":0,"menu_order":6,"comment_status":"open","ping_status":"closed","template":"page-fullwidth.php","meta":{"footnotes":""},"class_list":["post-2287","page","type-page","status-publish","hentry"],"yoast_head":"<!-- This site is optimized with the Yoast SEO plugin v25.9 - https:\/\/yoast.com\/wordpress\/plugins\/seo\/ -->\n<title>Contactez Comport Data | Entreprise de conception &amp; tests ASIC<\/title>\n<meta name=\"description\" content=\"Contactez Comport Data pour la conception d\u2019ASIC mixtes sur mesure, le d\u00e9veloppement de CI analogiques, le support \u00e0 la fabrication et les services de tests de production adapt\u00e9s aux fabricants de semi\u2011conducteurs et aux int\u00e9grateurs de syst\u00e8mes du monde entier.\" \/>\n<meta name=\"robots\" content=\"index, follow, max-snippet:-1, max-image-preview:large, max-video-preview:-1\" \/>\n<link rel=\"canonical\" href=\"https:\/\/www.comport-data.com\/fr\/contact-comport-data\/\" \/>\n<meta property=\"og:locale\" content=\"fr_FR\" \/>\n<meta property=\"og:type\" content=\"article\" \/>\n<meta property=\"og:title\" content=\"Contactez Comport Data | Entreprise de conception &amp; tests ASIC\" \/>\n<meta property=\"og:description\" content=\"Contactez Comport Data pour la conception d\u2019ASIC mixtes sur mesure, le d\u00e9veloppement de CI analogiques, le support \u00e0 la fabrication et les services de tests de production adapt\u00e9s aux fabricants de semi\u2011conducteurs et aux int\u00e9grateurs de syst\u00e8mes du monde entier.\" \/>\n<meta property=\"og:url\" content=\"https:\/\/www.comport-data.com\/fr\/contact-comport-data\/\" \/>\n<meta property=\"og:site_name\" content=\"Comport Data\" \/>\n<meta property=\"article:modified_time\" content=\"2026-03-05T06:00:01+00:00\" \/>\n<meta name=\"twitter:card\" content=\"summary_large_image\" \/>\n<meta name=\"twitter:label1\" content=\"Dur\u00e9e de lecture estim\u00e9e\" \/>\n\t<meta name=\"twitter:data1\" content=\"1 minute\" \/>\n<!-- \/ Yoast SEO plugin. -->","yoast_head_json":{"title":"Contactez Comport Data | Entreprise de conception & tests ASIC","description":"Contactez Comport Data pour la conception d\u2019ASIC mixtes sur mesure, le d\u00e9veloppement de CI analogiques, le support \u00e0 la fabrication et les services de tests de production adapt\u00e9s aux fabricants de semi\u2011conducteurs et aux int\u00e9grateurs de syst\u00e8mes du monde entier.","robots":{"index":"index","follow":"follow","max-snippet":"max-snippet:-1","max-image-preview":"max-image-preview:large","max-video-preview":"max-video-preview:-1"},"canonical":"https:\/\/www.comport-data.com\/fr\/contact-comport-data\/","og_locale":"fr_FR","og_type":"article","og_title":"Contactez Comport Data | Entreprise de conception & tests ASIC","og_description":"Contactez Comport Data pour la conception d\u2019ASIC mixtes sur mesure, le d\u00e9veloppement de CI analogiques, le support \u00e0 la fabrication et les services de tests de production adapt\u00e9s aux fabricants de semi\u2011conducteurs et aux int\u00e9grateurs de syst\u00e8mes du monde entier.","og_url":"https:\/\/www.comport-data.com\/fr\/contact-comport-data\/","og_site_name":"Comport Data","article_modified_time":"2026-03-05T06:00:01+00:00","twitter_card":"summary_large_image","twitter_misc":{"Dur\u00e9e de lecture estim\u00e9e":"1 minute"},"schema":{"@context":"https:\/\/schema.org","@graph":[{"@type":"WebPage","@id":"https:\/\/www.comport-data.com\/fr\/contact-comport-data\/","url":"https:\/\/www.comport-data.com\/fr\/contact-comport-data\/","name":"Contactez Comport Data | Entreprise de conception & tests ASIC","isPartOf":{"@id":"https:\/\/www.comport-data.com\/#website"},"datePublished":"2016-04-27T15:14:55+00:00","dateModified":"2026-03-05T06:00:01+00:00","description":"Contactez Comport Data pour la conception d\u2019ASIC mixtes sur mesure, le d\u00e9veloppement de CI analogiques, le support \u00e0 la fabrication et les services de tests de production adapt\u00e9s aux fabricants de semi\u2011conducteurs et aux int\u00e9grateurs de syst\u00e8mes du monde entier.","breadcrumb":{"@id":"https:\/\/www.comport-data.com\/fr\/contact-comport-data\/#breadcrumb"},"inLanguage":"fr-FR","potentialAction":[{"@type":"ReadAction","target":["https:\/\/www.comport-data.com\/fr\/contact-comport-data\/"]}]},{"@type":"BreadcrumbList","@id":"https:\/\/www.comport-data.com\/fr\/contact-comport-data\/#breadcrumb","itemListElement":[{"@type":"ListItem","position":1,"name":"Home","item":"https:\/\/www.comport-data.com\/fr\/"},{"@type":"ListItem","position":2,"name":"Contact"}]},{"@type":"WebSite","@id":"https:\/\/www.comport-data.com\/#website","url":"https:\/\/www.comport-data.com\/","name":"Comport Data","description":"ASIC design services","potentialAction":[{"@type":"SearchAction","target":{"@type":"EntryPoint","urlTemplate":"https:\/\/www.comport-data.com\/?s={search_term_string}"},"query-input":{"@type":"PropertyValueSpecification","valueRequired":true,"valueName":"search_term_string"}}],"inLanguage":"fr-FR"}]}},"_links":{"self":[{"href":"https:\/\/www.comport-data.com\/fr\/wp-json\/wp\/v2\/pages\/2287","targetHints":{"allow":["GET"]}}],"collection":[{"href":"https:\/\/www.comport-data.com\/fr\/wp-json\/wp\/v2\/pages"}],"about":[{"href":"https:\/\/www.comport-data.com\/fr\/wp-json\/wp\/v2\/types\/page"}],"author":[{"embeddable":true,"href":"https:\/\/www.comport-data.com\/fr\/wp-json\/wp\/v2\/users\/1"}],"replies":[{"embeddable":true,"href":"https:\/\/www.comport-data.com\/fr\/wp-json\/wp\/v2\/comments?post=2287"}],"version-history":[{"count":3,"href":"https:\/\/www.comport-data.com\/fr\/wp-json\/wp\/v2\/pages\/2287\/revisions"}],"predecessor-version":[{"id":2292,"href":"https:\/\/www.comport-data.com\/fr\/wp-json\/wp\/v2\/pages\/2287\/revisions\/2292"}],"wp:attachment":[{"href":"https:\/\/www.comport-data.com\/fr\/wp-json\/wp\/v2\/media?parent=2287"}],"curies":[{"name":"wp","href":"https:\/\/api.w.org\/{rel}","templated":true}]}}